{"id":3597,"date":"2025-06-11T15:48:55","date_gmt":"2025-06-11T15:48:55","guid":{"rendered":"https:\/\/resilience-expo.com\/home\/?page_id=3597"},"modified":"2026-02-23T22:12:37","modified_gmt":"2026-02-23T22:12:37","slug":"kontakt-de","status":"publish","type":"page","link":"https:\/\/resilience-expo.com\/home\/kontakt-de\/","title":{"rendered":"Kontakt DE"},"content":{"rendered":"<p><div class=\"fusion-fullwidth fullwidth-box fusion-builder-row-1 fusion-flex-container has-pattern-background has-mask-background fusion-parallax-none hundred-percent-fullwidth non-hundred-percent-height-scrolling lazyload\" style=\"--awb-background-position:center top;--awb-border-radius-top-left:0px;--awb-border-radius-top-right:0px;--awb-border-radius-bottom-right:0px;--awb-border-radius-bottom-left:0px;--awb-padding-top:90px;--awb-padding-right:0px;--awb-padding-bottom:40px;--awb-padding-left:0px;--awb-padding-top-small:30px;--awb-padding-bottom-small:0px;--awb-background-color:var(--awb-color8);--awb-background-image:linear-gradient(180deg, rgba(0,80,104,0.35) 0%,rgba(8,180,186,0.14) 100%);;--awb-background-size:cover;--awb-flex-wrap:wrap;\" data-bg=\"https:\/\/resilience-expo.com\/wp-content\/uploads\/2025\/05\/verlauf_blauturkis_strhl3_2560x2489.png\" data-bg-gradient=\"linear-gradient(180deg, rgba(0,80,104,0.35) 0%,rgba(8,180,186,0.14) 100%)\" ><div class=\"fusion-builder-row fusion-row fusion-flex-align-items-stretch fusion-flex-align-content-center fusion-flex-content-wrap\" style=\"width:calc( 100% + 0px ) !important;max-width:calc( 100% + 0px ) !important;margin-left: calc(-0px \/ 2 );margin-right: calc(-0px \/ 2 );\"><div class=\"fusion-layout-column fusion_builder_column fusion-builder-column-0 fusion_builder_column_1_1 1_1 fusion-flex-column fusion-animated\" style=\"--awb-padding-right:15%;--awb-padding-left:15%;--awb-padding-right-small:10px;--awb-padding-left-small:10px;--awb-bg-blend:overlay;--awb-bg-size:cover;--awb-width-large:100%;--awb-margin-top-large:60px;--awb-spacing-right-large:calc( 0.02 * calc( 100% - 0px ) );--awb-margin-bottom-large:70px;--awb-spacing-left-large:calc( 0.02 * calc( 100% - 0px ) );--awb-width-medium:100%;--awb-order-medium:0;--awb-spacing-right-medium:calc( 0.02 * calc( 100% - 0px ) );--awb-spacing-left-medium:calc( 0.02 * calc( 100% - 0px ) );--awb-width-small:100%;--awb-order-small:0;--awb-spacing-right-small:calc( 0.02 * calc( 100% - 0px ) );--awb-spacing-left-small:calc( 0.02 * calc( 100% - 0px ) );\" data-animationType=\"fadeInDown\" data-animationDuration=\"1.0\" data-animationOffset=\"top-into-view\" data-scroll-devices=\"small-visibility,medium-visibility,large-visibility\"><div class=\"fusion-column-wrapper fusion-column-has-shadow fusion-flex-justify-content-flex-start fusion-content-layout-column\"><div class=\"fusion-title title fusion-title-1 fusion-sep-none fusion-title-center fusion-title-text fusion-title-size-one\" style=\"--awb-text-color:var(--awb-color1);--awb-margin-top:15px;--awb-margin-top-small:0px;--awb-margin-right-small:0px;--awb-margin-bottom-small:20px;--awb-margin-left-small:0px;--awb-font-size:80px;\"><h1 class=\"fusion-title-heading title-heading-center fusion-responsive-typography-calculated\" style=\"margin:0;letter-spacing:0px;text-transform:uppercase;font-size:1em;--fontSize:80;line-height:var(--awb-typography1-line-height);\">Kontakt<\/h1><\/div><div class=\"fusion-separator fusion-full-width-sep\" style=\"align-self: center;margin-left: auto;margin-right: auto;margin-top:30px;width:100%;\"><\/div><div class=\"fusion-text fusion-text-1\" style=\"--awb-content-alignment:center;--awb-font-size:20px;--awb-text-color:var(--awb-color1);\"><p>Treten Sie mit uns in Verbindung.<\/p>\n<\/div><div class=\"fusion-separator fusion-no-small-visibility fusion-full-width-sep\" style=\"align-self: center;margin-left: auto;margin-right: auto;margin-top:30px;width:100%;\"><\/div><\/div><\/div><\/div><\/div><div class=\"fusion-fullwidth fullwidth-box fusion-builder-row-2 fusion-flex-container has-pattern-background has-mask-background nonhundred-percent-fullwidth non-hundred-percent-height-scrolling\" style=\"--awb-border-radius-top-left:0px;--awb-border-radius-top-right:0px;--awb-border-radius-bottom-right:0px;--awb-border-radius-bottom-left:0px;--awb-padding-top:30px;--awb-padding-bottom:200px;--awb-background-color:var(--awb-color2);--awb-flex-wrap:wrap;\" ><div class=\"fusion-builder-row fusion-row fusion-flex-align-items-flex-start fusion-flex-content-wrap\" style=\"max-width:1216.8px;margin-left: calc(-4% \/ 2 );margin-right: calc(-4% \/ 2 );\"><div class=\"fusion-layout-column fusion_builder_column fusion-builder-column-1 fusion_builder_column_1_1 1_1 fusion-flex-column fusion-animated\" style=\"--awb-bg-blend:overlay;--awb-bg-size:cover;--awb-width-large:100%;--awb-margin-top-large:15px;--awb-spacing-right-large:1.92%;--awb-margin-bottom-large:15px;--awb-spacing-left-large:1.92%;--awb-width-medium:100%;--awb-order-medium:0;--awb-spacing-right-medium:1.92%;--awb-spacing-left-medium:1.92%;--awb-width-small:100%;--awb-order-small:0;--awb-spacing-right-small:1.92%;--awb-spacing-left-small:1.92%;\" data-animationType=\"fadeInDown\" data-animationDuration=\"1.0\" data-animationOffset=\"top-into-view\" data-scroll-devices=\"small-visibility,medium-visibility,large-visibility\"><div class=\"fusion-column-wrapper fusion-column-has-shadow fusion-flex-justify-content-flex-start fusion-content-layout-column\"><div class=\"fusion-text fusion-text-2\" style=\"--awb-font-size:20px;--awb-text-transform:none;\"><p>F\u00fcr Ausk\u00fcnfte und Informationen rund um die Resilience Expo stehen wir Ihnen gerne per E-Mail zur Verf\u00fcgung. Bitte nutzen Sie folgende Mailadressen f\u00fcr Ihre Anfragen:<\/p>\n<ul>\n<li>F\u00fcr allgemeine Ausk\u00fcnfte:\u00a0<strong><a class=\"c-link\" href=\"mailto:info@resilience-expo.com\" target=\"_blank\" rel=\"noopener noreferrer\" data-stringify-link=\"mailto:info@resilience-expo.com\" data-sk=\"tooltip_parent\" aria-haspopup=\"menu\">info@resilience-expo.com<\/a><\/strong><\/li>\n<\/ul>\n<ul>\n<li>F\u00fcr Informationen zur Fachausstellung:\u00a0<a class=\"c-link\" href=\"mailto:exhibit@resilience-expo.com\" target=\"_blank\" rel=\"noopener noreferrer\" data-stringify-link=\"mailto:exhibit@resilience-expo.com\" data-sk=\"tooltip_parent\" aria-haspopup=\"menu\"><strong>exhibit@resilience-expo.com<\/strong><\/a><\/li>\n<\/ul>\n<ul>\n<li>F\u00fcr Fragen zur \u00d6ffentlichkeitsarbeit:\u00a0<strong><a class=\"c-link\" href=\"mailto:press@resilience-expo.com\" target=\"_blank\" rel=\"noopener noreferrer\" data-stringify-link=\"mailto:press@resilience-expo.com\" data-sk=\"tooltip_parent\" aria-haspopup=\"menu\">press@resilience-expo.com<\/a><\/strong><\/li>\n<\/ul>\n<\/div><\/div><\/div><\/div><\/div><div class=\"fusion-fullwidth fullwidth-box fusion-builder-row-3 fusion-flex-container has-pattern-background has-mask-background fusion-parallax-none hundred-percent-fullwidth non-hundred-percent-height-scrolling lazyload\" style=\"--awb-background-position:center top;--awb-border-radius-top-left:0px;--awb-border-radius-top-right:0px;--awb-border-radius-bottom-right:0px;--awb-border-radius-bottom-left:0px;--awb-padding-top:140px;--awb-padding-right:0px;--awb-padding-bottom:140px;--awb-padding-left:0px;--awb-background-color:var(--awb-color8);--awb-background-image:linear-gradient(180deg, rgba(0,80,104,0.35) 0%,rgba(8,180,186,0.14) 100%);;--awb-background-size:cover;--awb-flex-wrap:wrap;\" data-bg=\"https:\/\/resilience-expo.com\/wp-content\/uploads\/2025\/05\/verlauf1invers.jpg\" data-bg-gradient=\"linear-gradient(180deg, rgba(0,80,104,0.35) 0%,rgba(8,180,186,0.14) 100%)\" ><div class=\"fusion-builder-row fusion-row fusion-flex-align-items-stretch fusion-flex-align-content-center fusion-flex-content-wrap\" style=\"width:calc( 100% + 0px ) !important;max-width:calc( 100% + 0px ) !important;margin-left: calc(-0px \/ 2 );margin-right: calc(-0px \/ 2 );\"><div class=\"fusion-layout-column fusion_builder_column fusion-builder-column-2 fusion_builder_column_1_2 1_2 fusion-flex-column fusion-animated\" style=\"--awb-bg-blend:overlay;--awb-bg-size:cover;--awb-width-large:50%;--awb-margin-top-large:15px;--awb-spacing-right-large:0px;--awb-margin-bottom-large:15px;--awb-spacing-left-large:0px;--awb-width-medium:100%;--awb-spacing-right-medium:0px;--awb-spacing-left-medium:0px;--awb-width-small:100%;--awb-spacing-right-small:0px;--awb-spacing-left-small:0px;\" data-animationType=\"fadeInLeft\" data-animationDuration=\"1.0\" data-animationOffset=\"top-into-view\"><div class=\"fusion-column-wrapper fusion-flex-justify-content-center fusion-content-layout-column\"><div class=\"fusion-builder-row fusion-builder-row-inner fusion-row fusion-flex-align-items-stretch fusion-flex-align-content-center fusion-flex-content-wrap\" style=\"--awb-flex-grow:0;--awb-flex-grow-medium:0;--awb-flex-grow-small:0;--awb-flex-shrink:0;--awb-flex-shrink-medium:0;--awb-flex-shrink-small:0;width:calc( 100% + 0px ) !important;max-width:calc( 100% + 0px ) !important;margin-left: calc(-0px \/ 2 );margin-right: calc(-0px \/ 2 );\"><div class=\"fusion-layout-column fusion_builder_column_inner fusion-builder-nested-column-0 fusion_builder_column_inner_1_3 1_3 fusion-flex-column\" style=\"--awb-bg-blend:overlay;--awb-bg-size:cover;--awb-width-large:33.333333333333%;--awb-margin-top-large:15px;--awb-spacing-right-large:0px;--awb-margin-bottom-large:15px;--awb-spacing-left-large:0px;--awb-width-medium:100%;--awb-spacing-right-medium:0px;--awb-spacing-left-medium:0px;--awb-width-small:100%;--awb-spacing-right-small:0px;--awb-spacing-left-small:0px;\"><div class=\"fusion-column-wrapper fusion-flex-justify-content-flex-start fusion-content-layout-column\"><div class=\"fusion-separator\" style=\"align-self: flex-start;margin-right:auto;margin-top:5px;margin-bottom:10px;width:100%;max-width:60%;\"><div class=\"fusion-separator-border sep-single sep-solid\" style=\"--awb-height:20px;--awb-amount:20px;--awb-sep-color:var(--awb-custom_color_1);border-color:var(--awb-custom_color_1);border-top-width:7px;\"><\/div><\/div><\/div><\/div><div class=\"fusion-layout-column fusion_builder_column_inner fusion-builder-nested-column-1 fusion_builder_column_inner_2_3 2_3 fusion-flex-column\" style=\"--awb-padding-left:30px;--awb-bg-blend:overlay;--awb-bg-size:cover;--awb-width-large:66.666666666667%;--awb-margin-top-large:0px;--awb-spacing-right-large:0px;--awb-margin-bottom-large:0px;--awb-spacing-left-large:0px;--awb-width-medium:100%;--awb-spacing-right-medium:0px;--awb-spacing-left-medium:0px;--awb-width-small:100%;--awb-spacing-right-small:0px;--awb-spacing-left-small:0px;\"><div class=\"fusion-column-wrapper fusion-flex-justify-content-flex-start fusion-content-layout-column\"><div class=\"fusion-title title fusion-title-2 fusion-sep-none fusion-title-text fusion-title-size-two\" style=\"--awb-text-color:var(--awb-color1);--awb-margin-top:15px;--awb-margin-top-small:0px;--awb-margin-right-small:0px;--awb-margin-bottom-small:20px;--awb-margin-left-small:0px;--awb-font-size:90px;\"><h2 class=\"fusion-title-heading title-heading-left fusion-responsive-typography-calculated\" style=\"margin:0;text-transform:uppercase;font-size:1em;--fontSize:90;line-height:1;\"><p><span class=\"TextRun SCXW182372486 BCX2\" lang=\"DE-DE\" xml:lang=\"DE-DE\" data-contrast=\"auto\"><span class=\"NormalTextRun SCXW182372486 BCX2\">News-<br \/>\n<\/span><\/span><span class=\"TextRun SCXW182372486 BCX2\" lang=\"DE-DE\" xml:lang=\"DE-DE\" data-contrast=\"auto\"><span class=\"NormalTextRun SCXW182372486 BCX2\">letter<\/span><\/span><\/p><\/h2><\/div><\/div><\/div><\/div><\/div><\/div><div class=\"fusion-layout-column fusion_builder_column fusion-builder-column-3 fusion_builder_column_1_2 1_2 fusion-flex-column fusion-animated\" style=\"--awb-bg-blend:overlay;--awb-bg-size:cover;--awb-width-large:50%;--awb-margin-top-large:15px;--awb-spacing-right-large:0px;--awb-margin-bottom-large:15px;--awb-spacing-left-large:0px;--awb-width-medium:100%;--awb-spacing-right-medium:0px;--awb-spacing-left-medium:0px;--awb-width-small:100%;--awb-spacing-right-small:0px;--awb-spacing-left-small:0px;\" data-animationType=\"fadeInLeft\" data-animationDuration=\"1.0\" data-animationOffset=\"top-into-view\"><div class=\"fusion-column-wrapper fusion-flex-justify-content-center fusion-content-layout-column\"><div class=\"fusion-builder-row fusion-builder-row-inner fusion-row fusion-flex-align-items-stretch fusion-flex-align-content-center fusion-flex-content-wrap\" style=\"--awb-flex-grow:0;--awb-flex-grow-medium:0;--awb-flex-grow-small:0;--awb-flex-shrink:0;--awb-flex-shrink-medium:0;--awb-flex-shrink-small:0;width:calc( 100% + 0px ) !important;max-width:calc( 100% + 0px ) !important;margin-left: calc(-0px \/ 2 );margin-right: calc(-0px \/ 2 );\"><div class=\"fusion-layout-column fusion_builder_column_inner fusion-builder-nested-column-2 fusion-flex-column\" style=\"--awb-bg-blend:overlay;--awb-bg-size:cover;--awb-width-large:5%;--awb-margin-top-large:15px;--awb-spacing-right-large:0px;--awb-margin-bottom-large:15px;--awb-spacing-left-large:0px;--awb-width-medium:100%;--awb-order-medium:0;--awb-spacing-right-medium:0px;--awb-spacing-left-medium:0px;--awb-width-small:100%;--awb-order-small:0;--awb-spacing-right-small:0px;--awb-spacing-left-small:0px;\" data-scroll-devices=\"small-visibility,medium-visibility,large-visibility\"><div class=\"fusion-column-wrapper fusion-column-has-shadow fusion-flex-justify-content-flex-start fusion-content-layout-column\"><\/div><\/div><div class=\"fusion-layout-column fusion_builder_column_inner fusion-builder-nested-column-3 fusion-flex-column fusion-flex-align-self-center\" style=\"--awb-padding-top:45px;--awb-padding-right:30px;--awb-padding-bottom:50px;--awb-padding-left:100px;--awb-bg-blend:overlay;--awb-bg-size:cover;--awb-width-large:95%;--awb-margin-top-large:0px;--awb-spacing-right-large:0px;--awb-margin-bottom-large:0px;--awb-spacing-left-large:0px;--awb-width-medium:100%;--awb-order-medium:0;--awb-spacing-right-medium:0px;--awb-spacing-left-medium:0px;--awb-width-small:100%;--awb-order-small:0;--awb-spacing-right-small:0px;--awb-spacing-left-small:0px;\" data-scroll-devices=\"small-visibility,medium-visibility,large-visibility\"><div class=\"fusion-column-wrapper lazyload fusion-column-has-shadow fusion-flex-justify-content-center fusion-content-layout-column fusion-column-has-bg-image\" data-bg-url=\"https:\/\/resilience-expo.com\/wp-content\/uploads\/2025\/05\/pfeil_white_1122x500.png\" data-bg=\"https:\/\/resilience-expo.com\/wp-content\/uploads\/2025\/05\/pfeil_white_1122x500.png\"><div class=\"fusion-title title fusion-title-3 fusion-sep-none fusion-title-text fusion-title-size-paragraph\" style=\"--awb-text-color:var(--awb-color1);--awb-margin-top:15px;--awb-margin-bottom:5px;--awb-margin-top-small:0px;--awb-margin-right-small:0px;--awb-margin-bottom-small:20px;--awb-margin-left-small:0px;--awb-font-size:18px;\"><p class=\"fusion-title-heading title-heading-left title-heading-tag fusion-responsive-typography-calculated\" style=\"font-family:&quot;bio-sans&quot;;font-style:normal;font-weight:400;margin:0;text-transform:uppercase;font-size:1em;--fontSize:18;--minFontSize:18;line-height:var(--awb-typography4-line-height);\"><p style=\"text-align: left;\"><span data-contrast=\"auto\">Immer auf dem Laufenden.<br \/>\nAbonnieren Sie unsere eNews!<\/span><\/p><\/p><\/div><div ><a class=\"fusion-button button-flat button-large button-custom fusion-button-default button-1 fusion-button-default-span fusion-button-default-type\" style=\"--button_accent_color:var(--awb-color1);--button_accent_hover_color:var(--awb-color1);--button_border_hover_color:var(--awb-color1);--button_gradient_top_color:var(--awb-custom_color_1);--button_gradient_bottom_color:var(--awb-custom_color_1);--button_gradient_top_color_hover:var(--awb-custom_color_1);--button_gradient_bottom_color_hover:var(--awb-custom_color_1);\" target=\"_self\" href=\"https:\/\/resilience-expo.com\/home\/newsletter\/\"><span class=\"fusion-button-text awb-button__text awb-button__text--default\">Newsletter<\/span><\/a><\/div><\/div><\/div><\/div><\/div><\/div><\/div><\/div><\/p>\n","protected":false},"excerpt":{"rendered":"","protected":false},"author":1,"featured_media":0,"parent":0,"menu_order":0,"comment_status":"closed","ping_status":"closed","template":"100-width.php","meta":{"_acf_changed":false,"footnotes":""},"class_list":["post-3597","page","type-page","status-publish","hentry"],"acf":[],"yoast_head":"<!-- This site is optimized with the Yoast SEO plugin v27.4 - https:\/\/yoast.com\/product\/yoast-seo-wordpress\/ -->\n<title>Kontakt DE - Resilience Expo<\/title>\n<meta name=\"robots\" content=\"index, follow, max-snippet:-1, max-image-preview:large, max-video-preview:-1\" \/>\n<link rel=\"canonical\" href=\"https:\/\/resilience-expo.com\/home\/kontakt-de\/\" \/>\n<meta property=\"og:locale\" content=\"de_DE\" \/>\n<meta property=\"og:type\" content=\"article\" \/>\n<meta property=\"og:title\" content=\"Kontakt DE - Resilience Expo\" \/>\n<meta property=\"og:url\" content=\"https:\/\/resilience-expo.com\/home\/kontakt-de\/\" \/>\n<meta property=\"og:site_name\" content=\"Resilience Expo\" \/>\n<meta property=\"article:modified_time\" content=\"2026-02-23T22:12:37+00:00\" \/>\n<meta name=\"twitter:card\" content=\"summary_large_image\" \/>\n<meta name=\"twitter:label1\" content=\"Gesch\u00e4tzte Lesezeit\" \/>\n\t<meta name=\"twitter:data1\" content=\"1\u00a0Minute\" \/>\n<script type=\"application\/ld+json\" class=\"yoast-schema-graph\">{\"@context\":\"https:\\\/\\\/schema.org\",\"@graph\":[{\"@type\":\"WebPage\",\"@id\":\"https:\\\/\\\/resilience-expo.com\\\/home\\\/kontakt-de\\\/\",\"url\":\"https:\\\/\\\/resilience-expo.com\\\/home\\\/kontakt-de\\\/\",\"name\":\"Kontakt DE - Resilience Expo\",\"isPartOf\":{\"@id\":\"https:\\\/\\\/resilience-expo.com\\\/home\\\/#website\"},\"datePublished\":\"2025-06-11T15:48:55+00:00\",\"dateModified\":\"2026-02-23T22:12:37+00:00\",\"breadcrumb\":{\"@id\":\"https:\\\/\\\/resilience-expo.com\\\/home\\\/kontakt-de\\\/#breadcrumb\"},\"inLanguage\":\"de\",\"potentialAction\":[{\"@type\":\"ReadAction\",\"target\":[\"https:\\\/\\\/resilience-expo.com\\\/home\\\/kontakt-de\\\/\"]}]},{\"@type\":\"BreadcrumbList\",\"@id\":\"https:\\\/\\\/resilience-expo.com\\\/home\\\/kontakt-de\\\/#breadcrumb\",\"itemListElement\":[{\"@type\":\"ListItem\",\"position\":1,\"name\":\"Startseite\",\"item\":\"https:\\\/\\\/resilience-expo.com\\\/home\\\/\"},{\"@type\":\"ListItem\",\"position\":2,\"name\":\"Kontakt DE\"}]},{\"@type\":\"WebSite\",\"@id\":\"https:\\\/\\\/resilience-expo.com\\\/home\\\/#website\",\"url\":\"https:\\\/\\\/resilience-expo.com\\\/home\\\/\",\"name\":\"Resilience Expo\",\"description\":\"Erleben Sie die Zukunft der Klimaanpassung.\",\"potentialAction\":[{\"@type\":\"SearchAction\",\"target\":{\"@type\":\"EntryPoint\",\"urlTemplate\":\"https:\\\/\\\/resilience-expo.com\\\/home\\\/?s={search_term_string}\"},\"query-input\":{\"@type\":\"PropertyValueSpecification\",\"valueRequired\":true,\"valueName\":\"search_term_string\"}}],\"inLanguage\":\"de\"}]}<\/script>\n<!-- \/ Yoast SEO plugin. -->","yoast_head_json":{"title":"Kontakt DE - Resilience Expo","robots":{"index":"index","follow":"follow","max-snippet":"max-snippet:-1","max-image-preview":"max-image-preview:large","max-video-preview":"max-video-preview:-1"},"canonical":"https:\/\/resilience-expo.com\/home\/kontakt-de\/","og_locale":"de_DE","og_type":"article","og_title":"Kontakt DE - Resilience Expo","og_url":"https:\/\/resilience-expo.com\/home\/kontakt-de\/","og_site_name":"Resilience Expo","article_modified_time":"2026-02-23T22:12:37+00:00","twitter_card":"summary_large_image","twitter_misc":{"Gesch\u00e4tzte Lesezeit":"1\u00a0Minute"},"schema":{"@context":"https:\/\/schema.org","@graph":[{"@type":"WebPage","@id":"https:\/\/resilience-expo.com\/home\/kontakt-de\/","url":"https:\/\/resilience-expo.com\/home\/kontakt-de\/","name":"Kontakt DE - Resilience Expo","isPartOf":{"@id":"https:\/\/resilience-expo.com\/home\/#website"},"datePublished":"2025-06-11T15:48:55+00:00","dateModified":"2026-02-23T22:12:37+00:00","breadcrumb":{"@id":"https:\/\/resilience-expo.com\/home\/kontakt-de\/#breadcrumb"},"inLanguage":"de","potentialAction":[{"@type":"ReadAction","target":["https:\/\/resilience-expo.com\/home\/kontakt-de\/"]}]},{"@type":"BreadcrumbList","@id":"https:\/\/resilience-expo.com\/home\/kontakt-de\/#breadcrumb","itemListElement":[{"@type":"ListItem","position":1,"name":"Startseite","item":"https:\/\/resilience-expo.com\/home\/"},{"@type":"ListItem","position":2,"name":"Kontakt DE"}]},{"@type":"WebSite","@id":"https:\/\/resilience-expo.com\/home\/#website","url":"https:\/\/resilience-expo.com\/home\/","name":"Resilience Expo","description":"Erleben Sie die Zukunft der Klimaanpassung.","potentialAction":[{"@type":"SearchAction","target":{"@type":"EntryPoint","urlTemplate":"https:\/\/resilience-expo.com\/home\/?s={search_term_string}"},"query-input":{"@type":"PropertyValueSpecification","valueRequired":true,"valueName":"search_term_string"}}],"inLanguage":"de"}]}},"_links":{"self":[{"href":"https:\/\/resilience-expo.com\/home\/wp-json\/wp\/v2\/pages\/3597","targetHints":{"allow":["GET"]}}],"collection":[{"href":"https:\/\/resilience-expo.com\/home\/wp-json\/wp\/v2\/pages"}],"about":[{"href":"https:\/\/resilience-expo.com\/home\/wp-json\/wp\/v2\/types\/page"}],"author":[{"embeddable":true,"href":"https:\/\/resilience-expo.com\/home\/wp-json\/wp\/v2\/users\/1"}],"replies":[{"embeddable":true,"href":"https:\/\/resilience-expo.com\/home\/wp-json\/wp\/v2\/comments?post=3597"}],"version-history":[{"count":16,"href":"https:\/\/resilience-expo.com\/home\/wp-json\/wp\/v2\/pages\/3597\/revisions"}],"predecessor-version":[{"id":4702,"href":"https:\/\/resilience-expo.com\/home\/wp-json\/wp\/v2\/pages\/3597\/revisions\/4702"}],"wp:attachment":[{"href":"https:\/\/resilience-expo.com\/home\/wp-json\/wp\/v2\/media?parent=3597"}],"curies":[{"name":"wp","href":"https:\/\/api.w.org\/{rel}","templated":true}]}}